{"id":1912,"date":"2021-06-23T19:15:06","date_gmt":"2021-06-23T19:15:06","guid":{"rendered":"https:\/\/hotelvalledebenasque.com\/?page_id=1912"},"modified":"2025-12-15T16:53:57","modified_gmt":"2025-12-15T16:53:57","slug":"offres-hotel-casa-arcas","status":"publish","type":"page","link":"https:\/\/hotelvalledebenasque.com\/fr\/offres-hotel-casa-arcas\/","title":{"rendered":"Offres H\u00f4tel Casa Arcas"},"content":{"rendered":"<p><div class=\"fusion-fullwidth fullwidth-box fusion-builder-row-1 has-pattern-background has-mask-background nonhundred-percent-fullwidth non-hundred-percent-height-scrolling\" style=\"--awb-background-position:center top;--awb-border-radius-top-left:0px;--awb-border-radius-top-right:0px;--awb-border-radius-bottom-right:0px;--awb-border-radius-bottom-left:0px;--awb-padding-top:30px;--awb-padding-bottom:20px;--awb-flex-wrap:wrap;\" ><div class=\"fusion-builder-row fusion-row\"><div class=\"fusion-layout-column fusion_builder_column fusion-builder-column-0 fusion_builder_column_1_1 1_1 fusion-one-full fusion-column-first fusion-column-last fusion-animated\" style=\"--awb-bg-position:center center;--awb-bg-size:cover;\" data-animationType=\"fadeInUp\" data-animationDuration=\"1.0\" data-animationOffset=\"top-into-view\"><div class=\"fusion-column-wrapper fusion-column-has-shadow fusion-flex-column-wrapper-legacy\"><div class=\"fusion-title title fusion-title-1 fusion-title-center fusion-title-text fusion-title-size-two\" style=\"--awb-margin-bottom:0px;--awb-margin-bottom-small:0px;\"><div class=\"title-sep-container title-sep-container-left\"><div class=\"title-sep sep-double sep-solid\" style=\"border-color:#e0dede;\"><\/div><\/div><span class=\"awb-title-spacer\"><\/span><h2 class=\"fusion-title-heading title-heading-center\" style=\"margin:0;\">OFFRES LONG S\u00c9JOUR<\/h2><span class=\"awb-title-spacer\"><\/span><div class=\"title-sep-container title-sep-container-right\"><div class=\"title-sep sep-double sep-solid\" style=\"border-color:#e0dede;\"><\/div><\/div><\/div><div class=\"fusion-clearfix\"><\/div><\/div><\/div><div class=\"fusion-layout-column fusion_builder_column fusion-builder-column-1 fusion_builder_column_1_1 1_1 fusion-one-full fusion-column-first fusion-column-last fusion-animated\" style=\"--awb-padding-right:18px;--awb-padding-left:18px;--awb-overflow:hidden;--awb-bg-color:#ffffff;--awb-bg-color-hover:#ffffff;--awb-bg-size:cover;--awb-box-shadow:0px 20px 38px 0px #315b4d;;--awb-border-radius:12px 12px 12px 12px;--awb-margin-bottom:30px;\" data-animationType=\"fadeInUp\" data-animationDuration=\"1.0\" data-animationOffset=\"top-into-view\"><div class=\"fusion-column-wrapper fusion-column-has-shadow fusion-flex-column-wrapper-legacy\"><div class=\"fusion-text fusion-text-1\" style=\"--awb-margin-top:20px;\"><p style=\"text-align: left;\">R\u00e9ductions en basse et moyenne saison:<\/p>\n<p style=\"text-align: left;\">Pour les s\u00e9jours de <strong>7 nuits ou plus<\/strong>, nous appliquons une r\u00e9duction totale exclusive de 5<strong>\u00a0% sur l\u2019h\u00e9bergement<\/strong>.<\/p>\n<\/div><div class=\"fusion-clearfix\"><\/div><\/div><\/div><\/div><\/div><div class=\"fusion-fullwidth fullwidth-box fusion-builder-row-2 has-pattern-background has-mask-background nonhundred-percent-fullwidth non-hundred-percent-height-scrolling\" style=\"--awb-background-position:center top;--awb-border-radius-top-left:0px;--awb-border-radius-top-right:0px;--awb-border-radius-bottom-right:0px;--awb-border-radius-bottom-left:0px;--awb-padding-top:30px;--awb-padding-bottom:20px;--awb-flex-wrap:wrap;\" ><div class=\"fusion-builder-row fusion-row\"><div class=\"fusion-layout-column fusion_builder_column fusion-builder-column-2 fusion_builder_column_1_1 1_1 fusion-one-full fusion-column-first fusion-column-last fusion-animated\" style=\"--awb-bg-position:center center;--awb-bg-size:cover;\" data-animationType=\"fadeInUp\" data-animationDuration=\"1.0\" data-animationOffset=\"top-into-view\"><div class=\"fusion-column-wrapper fusion-column-has-shadow fusion-flex-column-wrapper-legacy\"><div class=\"fusion-clearfix\"><\/div><\/div><\/div><\/div><\/div><div class=\"fusion-fullwidth fullwidth-box fusion-builder-row-3 has-pattern-background has-mask-background nonhundred-percent-fullwidth non-hundred-percent-height-scrolling\" style=\"--awb-border-radius-top-left:0px;--awb-border-radius-top-right:0px;--awb-border-radius-bottom-right:0px;--awb-border-radius-bottom-left:0px;--awb-padding-bottom:6%;--awb-margin-top:-20px;--awb-flex-wrap:wrap;\" ><div class=\"fusion-builder-row fusion-row\"><div class=\"fusion-layout-column fusion_builder_column fusion-builder-column-3 fusion_builder_column_1_1 1_1 fusion-one-full fusion-column-first fusion-column-last\" style=\"--awb-bg-size:cover;\"><div class=\"fusion-column-wrapper fusion-column-has-shadow fusion-flex-column-wrapper-legacy\"><div class=\"fusion-title title fusion-title-2 fusion-title-center fusion-title-text fusion-title-size-two\" style=\"--awb-margin-top:40px;--awb-margin-bottom:10px;--awb-margin-bottom-small:0px;\"><div class=\"title-sep-container title-sep-container-left\"><div class=\"title-sep sep-double sep-solid\" style=\"border-color:#e0dede;\"><\/div><\/div><span class=\"awb-title-spacer\"><\/span><h2 class=\"fusion-title-heading title-heading-center\" style=\"margin:0;\">PROFITEZ DE NOS PACKS<\/h2><span class=\"awb-title-spacer\"><\/span><div class=\"title-sep-container title-sep-container-right\"><div class=\"title-sep sep-double sep-solid\" style=\"border-color:#e0dede;\"><\/div><\/div><\/div><div class=\"fusion-clearfix\"><\/div><\/div><\/div><div class=\"fusion-layout-column fusion_builder_column fusion-builder-column-4 fusion_builder_column_1_2 1_2 fusion-one-half fusion-column-first fusion-animated\" style=\"--awb-padding-right:18px;--awb-padding-left:18px;--awb-overflow:hidden;--awb-bg-color:#ffffff;--awb-bg-color-hover:#ffffff;--awb-bg-size:cover;--awb-box-shadow:0px 20px 38px 0px #315b4d;;--awb-border-radius:12px 12px 12px 12px;--awb-margin-bottom:30px;width:50%;width:calc(50% - ( ( 4% ) * 0.5 ) );margin-right: 4%;\" data-animationType=\"fadeInLeft\" data-animationDuration=\"1.0\" data-animationOffset=\"top-into-view\"><div class=\"fusion-column-wrapper fusion-column-has-shadow fusion-flex-column-wrapper-legacy\"><div class=\"fusion-text fusion-text-2\"><h3><strong>ESCAPADE ROMANTIQUE DE WEEK-END<\/strong><\/h3>\n<\/div><div class=\"fusion-text fusion-text-3\"><ul>\n<li>2 nuits dans une chambre double sup\u00e9rieure avec terrasse.<\/li>\n<li>D\u00eener du samedi.<\/li>\n<li>Petit-d\u00e9jeuners.<\/li>\n<li>1 bouteille de cava de bienvenue.<\/li>\n<li>Chocolats dans la chambre.<\/li>\n<li>Attention de d\u00e9part.<\/li>\n<\/ul>\n<\/div><div class=\"fusion-clearfix\"><\/div><\/div><\/div><div class=\"fusion-layout-column fusion_builder_column fusion-builder-column-5 fusion_builder_column_1_2 1_2 fusion-one-half fusion-column-last fusion-animated\" style=\"--awb-padding-right:18px;--awb-padding-left:18px;--awb-overflow:hidden;--awb-bg-color:#ffffff;--awb-bg-color-hover:#ffffff;--awb-bg-size:cover;--awb-box-shadow:0px 20px 38px 0px #315b4d;;--awb-border-radius:12px 12px 12px 12px;--awb-margin-bottom:30px;width:50%;width:calc(50% - ( ( 4% ) * 0.5 ) );\" data-animationType=\"fadeInLeft\" data-animationDuration=\"1.0\" data-animationOffset=\"top-into-view\"><div class=\"fusion-column-wrapper fusion-column-has-shadow fusion-flex-column-wrapper-legacy\"><div class=\"fusion-text fusion-text-4\"><h3><strong>ESCAPADE DE WEEK-END &#8220;ROYAL&#8221;<\/strong><\/h3>\n<\/div><div class=\"fusion-text fusion-text-5\"><ul>\n<li>2 nuits en chambre Suite Duplex.<\/li>\n<li>Baignoire d\u2019hydromassage.<\/li>\n<li>D\u00eener du samedi.<\/li>\n<li>Petit-d\u00e9jeuners.<\/li>\n<li>1 bouteille de champagne de bienvenue.<\/li>\n<li>Chocolats dans la chambre.<\/li>\n<li>Attention de d\u00e9part.<\/li>\n<\/ul>\n<\/div><div class=\"fusion-clearfix\"><\/div><\/div><\/div><\/div><\/div><\/p>\n","protected":false},"excerpt":{"rendered":"","protected":false},"author":1,"featured_media":0,"parent":0,"menu_order":0,"comment_status":"closed","ping_status":"closed","template":"100-width.php","meta":{"footnotes":""},"class_list":["post-1912","page","type-page","status-publish","hentry"],"yoast_head":"<!-- This site is optimized with the Yoast SEO plugin v26.5 - https:\/\/yoast.com\/wordpress\/plugins\/seo\/ -->\n<title>Offres de l\u2019h\u00f4tel-restaurant Casa Arcas<\/title>\n<meta name=\"description\" content=\"R\u00e9ductions pour les longs s\u00e9jours ou packs complets pour un week-end romantique ou une escapade dans la vall\u00e9e de B\u00e9nasque \u00e0 Huesca.\" \/>\n<meta name=\"robots\" content=\"index, follow, max-snippet:-1, max-image-preview:large, max-video-preview:-1\" \/>\n<link rel=\"canonical\" href=\"https:\/\/hotelvalledebenasque.com\/fr\/offres-hotel-casa-arcas\/\" \/>\n<meta property=\"og:locale\" content=\"fr_FR\" \/>\n<meta property=\"og:type\" content=\"article\" \/>\n<meta property=\"og:title\" content=\"Offres de l\u2019h\u00f4tel-restaurant Casa Arcas\" \/>\n<meta property=\"og:description\" content=\"R\u00e9ductions pour les longs s\u00e9jours ou packs complets pour un week-end romantique ou une escapade dans la vall\u00e9e de B\u00e9nasque \u00e0 Huesca.\" \/>\n<meta property=\"og:url\" content=\"https:\/\/hotelvalledebenasque.com\/fr\/offres-hotel-casa-arcas\/\" \/>\n<meta property=\"og:site_name\" content=\"Hotel Restaurante Casa Arcas\" \/>\n<meta property=\"article:publisher\" content=\"https:\/\/www.facebook.com\/hcasaarcas\" \/>\n<meta property=\"article:modified_time\" content=\"2025-12-15T16:53:57+00:00\" \/>\n<meta name=\"twitter:card\" content=\"summary_large_image\" \/>\n<meta name=\"twitter:label1\" content=\"Dur\u00e9e de lecture estim\u00e9e\" \/>\n\t<meta name=\"twitter:data1\" content=\"6 minutes\" \/>\n<script type=\"application\/ld+json\" class=\"yoast-schema-graph\">{\"@context\":\"https:\/\/schema.org\",\"@graph\":[{\"@type\":\"WebPage\",\"@id\":\"https:\/\/hotelvalledebenasque.com\/fr\/offres-hotel-casa-arcas\/\",\"url\":\"https:\/\/hotelvalledebenasque.com\/fr\/offres-hotel-casa-arcas\/\",\"name\":\"Offres de l\u2019h\u00f4tel-restaurant Casa Arcas\",\"isPartOf\":{\"@id\":\"https:\/\/hotelvalledebenasque.com\/fr\/#website\"},\"datePublished\":\"2021-06-23T19:15:06+00:00\",\"dateModified\":\"2025-12-15T16:53:57+00:00\",\"description\":\"R\u00e9ductions pour les longs s\u00e9jours ou packs complets pour un week-end romantique ou une escapade dans la vall\u00e9e de B\u00e9nasque \u00e0 Huesca.\",\"breadcrumb\":{\"@id\":\"https:\/\/hotelvalledebenasque.com\/fr\/offres-hotel-casa-arcas\/#breadcrumb\"},\"inLanguage\":\"fr-FR\",\"potentialAction\":[{\"@type\":\"ReadAction\",\"target\":[\"https:\/\/hotelvalledebenasque.com\/fr\/offres-hotel-casa-arcas\/\"]}]},{\"@type\":\"BreadcrumbList\",\"@id\":\"https:\/\/hotelvalledebenasque.com\/fr\/offres-hotel-casa-arcas\/#breadcrumb\",\"itemListElement\":[{\"@type\":\"ListItem\",\"position\":1,\"name\":\"Home\",\"item\":\"https:\/\/hotelvalledebenasque.com\/fr\/\"},{\"@type\":\"ListItem\",\"position\":2,\"name\":\"Offres H\u00f4tel Casa Arcas\"}]},{\"@type\":\"WebSite\",\"@id\":\"https:\/\/hotelvalledebenasque.com\/fr\/#website\",\"url\":\"https:\/\/hotelvalledebenasque.com\/fr\/\",\"name\":\"Hotel Restaurante Casa Arcas\",\"description\":\"Hotel y Restaurante en el valle de Benasque (Huesca)\",\"publisher\":{\"@id\":\"https:\/\/hotelvalledebenasque.com\/fr\/#organization\"},\"potentialAction\":[{\"@type\":\"SearchAction\",\"target\":{\"@type\":\"EntryPoint\",\"urlTemplate\":\"https:\/\/hotelvalledebenasque.com\/fr\/?s={search_term_string}\"},\"query-input\":{\"@type\":\"PropertyValueSpecification\",\"valueRequired\":true,\"valueName\":\"search_term_string\"}}],\"inLanguage\":\"fr-FR\"},{\"@type\":\"Organization\",\"@id\":\"https:\/\/hotelvalledebenasque.com\/fr\/#organization\",\"name\":\"HOTEL VALLE DE BENASQUE\",\"url\":\"https:\/\/hotelvalledebenasque.com\/fr\/\",\"logo\":{\"@type\":\"ImageObject\",\"inLanguage\":\"fr-FR\",\"@id\":\"https:\/\/hotelvalledebenasque.com\/fr\/#\/schema\/logo\/image\/\",\"url\":\"https:\/\/hotelvalledebenasque.com\/wp-content\/uploads\/2020\/08\/logo_web_valleBenasque-1.png\",\"contentUrl\":\"https:\/\/hotelvalledebenasque.com\/wp-content\/uploads\/2020\/08\/logo_web_valleBenasque-1.png\",\"width\":218,\"height\":65,\"caption\":\"HOTEL VALLE DE BENASQUE\"},\"image\":{\"@id\":\"https:\/\/hotelvalledebenasque.com\/fr\/#\/schema\/logo\/image\/\"},\"sameAs\":[\"https:\/\/www.facebook.com\/hcasaarcas\",\"https:\/\/www.instagram.com\/hcasaarcas\/\"]}]}<\/script>\n<!-- \/ Yoast SEO plugin. -->","yoast_head_json":{"title":"Offres de l\u2019h\u00f4tel-restaurant Casa Arcas","description":"R\u00e9ductions pour les longs s\u00e9jours ou packs complets pour un week-end romantique ou une escapade dans la vall\u00e9e de B\u00e9nasque \u00e0 Huesca.","robots":{"index":"index","follow":"follow","max-snippet":"max-snippet:-1","max-image-preview":"max-image-preview:large","max-video-preview":"max-video-preview:-1"},"canonical":"https:\/\/hotelvalledebenasque.com\/fr\/offres-hotel-casa-arcas\/","og_locale":"fr_FR","og_type":"article","og_title":"Offres de l\u2019h\u00f4tel-restaurant Casa Arcas","og_description":"R\u00e9ductions pour les longs s\u00e9jours ou packs complets pour un week-end romantique ou une escapade dans la vall\u00e9e de B\u00e9nasque \u00e0 Huesca.","og_url":"https:\/\/hotelvalledebenasque.com\/fr\/offres-hotel-casa-arcas\/","og_site_name":"Hotel Restaurante Casa Arcas","article_publisher":"https:\/\/www.facebook.com\/hcasaarcas","article_modified_time":"2025-12-15T16:53:57+00:00","twitter_card":"summary_large_image","twitter_misc":{"Dur\u00e9e de lecture estim\u00e9e":"6 minutes"},"schema":{"@context":"https:\/\/schema.org","@graph":[{"@type":"WebPage","@id":"https:\/\/hotelvalledebenasque.com\/fr\/offres-hotel-casa-arcas\/","url":"https:\/\/hotelvalledebenasque.com\/fr\/offres-hotel-casa-arcas\/","name":"Offres de l\u2019h\u00f4tel-restaurant Casa Arcas","isPartOf":{"@id":"https:\/\/hotelvalledebenasque.com\/fr\/#website"},"datePublished":"2021-06-23T19:15:06+00:00","dateModified":"2025-12-15T16:53:57+00:00","description":"R\u00e9ductions pour les longs s\u00e9jours ou packs complets pour un week-end romantique ou une escapade dans la vall\u00e9e de B\u00e9nasque \u00e0 Huesca.","breadcrumb":{"@id":"https:\/\/hotelvalledebenasque.com\/fr\/offres-hotel-casa-arcas\/#breadcrumb"},"inLanguage":"fr-FR","potentialAction":[{"@type":"ReadAction","target":["https:\/\/hotelvalledebenasque.com\/fr\/offres-hotel-casa-arcas\/"]}]},{"@type":"BreadcrumbList","@id":"https:\/\/hotelvalledebenasque.com\/fr\/offres-hotel-casa-arcas\/#breadcrumb","itemListElement":[{"@type":"ListItem","position":1,"name":"Home","item":"https:\/\/hotelvalledebenasque.com\/fr\/"},{"@type":"ListItem","position":2,"name":"Offres H\u00f4tel Casa Arcas"}]},{"@type":"WebSite","@id":"https:\/\/hotelvalledebenasque.com\/fr\/#website","url":"https:\/\/hotelvalledebenasque.com\/fr\/","name":"Hotel Restaurante Casa Arcas","description":"Hotel y Restaurante en el valle de Benasque (Huesca)","publisher":{"@id":"https:\/\/hotelvalledebenasque.com\/fr\/#organization"},"potentialAction":[{"@type":"SearchAction","target":{"@type":"EntryPoint","urlTemplate":"https:\/\/hotelvalledebenasque.com\/fr\/?s={search_term_string}"},"query-input":{"@type":"PropertyValueSpecification","valueRequired":true,"valueName":"search_term_string"}}],"inLanguage":"fr-FR"},{"@type":"Organization","@id":"https:\/\/hotelvalledebenasque.com\/fr\/#organization","name":"HOTEL VALLE DE BENASQUE","url":"https:\/\/hotelvalledebenasque.com\/fr\/","logo":{"@type":"ImageObject","inLanguage":"fr-FR","@id":"https:\/\/hotelvalledebenasque.com\/fr\/#\/schema\/logo\/image\/","url":"https:\/\/hotelvalledebenasque.com\/wp-content\/uploads\/2020\/08\/logo_web_valleBenasque-1.png","contentUrl":"https:\/\/hotelvalledebenasque.com\/wp-content\/uploads\/2020\/08\/logo_web_valleBenasque-1.png","width":218,"height":65,"caption":"HOTEL VALLE DE BENASQUE"},"image":{"@id":"https:\/\/hotelvalledebenasque.com\/fr\/#\/schema\/logo\/image\/"},"sameAs":["https:\/\/www.facebook.com\/hcasaarcas","https:\/\/www.instagram.com\/hcasaarcas\/"]}]}},"_links":{"self":[{"href":"https:\/\/hotelvalledebenasque.com\/fr\/wp-json\/wp\/v2\/pages\/1912","targetHints":{"allow":["GET"]}}],"collection":[{"href":"https:\/\/hotelvalledebenasque.com\/fr\/wp-json\/wp\/v2\/pages"}],"about":[{"href":"https:\/\/hotelvalledebenasque.com\/fr\/wp-json\/wp\/v2\/types\/page"}],"author":[{"embeddable":true,"href":"https:\/\/hotelvalledebenasque.com\/fr\/wp-json\/wp\/v2\/users\/1"}],"replies":[{"embeddable":true,"href":"https:\/\/hotelvalledebenasque.com\/fr\/wp-json\/wp\/v2\/comments?post=1912"}],"version-history":[{"count":13,"href":"https:\/\/hotelvalledebenasque.com\/fr\/wp-json\/wp\/v2\/pages\/1912\/revisions"}],"predecessor-version":[{"id":2891,"href":"https:\/\/hotelvalledebenasque.com\/fr\/wp-json\/wp\/v2\/pages\/1912\/revisions\/2891"}],"wp:attachment":[{"href":"https:\/\/hotelvalledebenasque.com\/fr\/wp-json\/wp\/v2\/media?parent=1912"}],"curies":[{"name":"wp","href":"https:\/\/api.w.org\/{rel}","templated":true}]}}